{"id":1166,"date":"2019-07-11T17:52:22","date_gmt":"2019-07-11T15:52:22","guid":{"rendered":"https:\/\/hotel-rosenheim.de\/welcome\/"},"modified":"2024-06-10T16:35:54","modified_gmt":"2024-06-10T14:35:54","slug":"welcome","status":"publish","type":"page","link":"https:\/\/hotel-rosenheim.de\/en\/","title":{"rendered":"Welcome"},"content":{"rendered":"[vc_row type=&#8221;full_width_background&#8221; full_screen_row_position=&#8221;middle&#8221; bg_image=&#8221;1081&#8243; bg_position=&#8221;center center&#8221; bg_repeat=&#8221;no-repeat&#8221; scene_position=&#8221;center&#8221; text_color=&#8221;dark&#8221; text_align=&#8221;left&#8221; zindex=&#8221;0&#8243; color_overlay=&#8221;#0a0a0a&#8221; overlay_strength=&#8221;0.3&#8243; shape_divider_position=&#8221;bottom&#8221; bg_image_animation=&#8221;none&#8221; shape_type=&#8221;&#8221;][vc_column column_padding=&#8221;no-extra-padding&#8221; column_padding_position=&#8221;all&#8221; background_color_opacity=&#8221;1&#8243; background_hover_color_opacity=&#8221;1&#8243; column_link_target=&#8221;_self&#8221; column_shadow=&#8221;none&#8221; column_border_radius=&#8221;none&#8221; width=&#8221;1\/1&#8243; tablet_width_inherit=&#8221;default&#8221; tablet_text_alignment=&#8221;default&#8221; phone_text_alignment=&#8221;default&#8221; column_border_width=&#8221;none&#8221; column_border_style=&#8221;solid&#8221; bg_image_animation=&#8221;none&#8221;][vc_row_inner column_margin=&#8221;default&#8221; top_padding=&#8221;60&#8243; bottom_padding=&#8221;60&#8243; text_align=&#8221;left&#8221;][vc_column_inner column_padding=&#8221;padding-9-percent&#8221; column_padding_position=&#8221;right&#8221; background_color_opacity=&#8221;1&#8243; background_hover_color_opacity=&#8221;1&#8243; column_shadow=&#8221;none&#8221; column_border_radius=&#8221;none&#8221; column_link_target=&#8221;_self&#8221; width=&#8221;2\/3&#8243; tablet_width_inherit=&#8221;default&#8221; column_border_width=&#8221;none&#8221; column_border_style=&#8221;solid&#8221; bg_image_animation=&#8221;none&#8221;][vc_raw_html]PGgxIHN0eWxlPSdmb250LXNpemU6IDQwcHg7IGxpbmUtaGVpZ2h0OiA0OHB4OyBjb2xvcjp3aGl0ZTsgdGV4dC1zaGFkb3c6IDRweCA0cHggMTBweCByZ2JhKDAsIDAsIDAsIDAuOCk7ICc+V2Ugd2VsY29tZSB5b3UgdG8gdGhlIDxicj4gSG90ZWwgUm9zZW5oZWltCjxoMiBzdHlsZT0iZm9udC1zaXplOiAyMHB4OyBsaW5lLWhlaWdodDogMjhweDsgY29sb3I6d2hpdGU7IHRleHQtc2hhZG93OiA0cHggNHB4IDEwcHggcmdiYSgwLCAwLCAwLCAwLjgpOyI+WW91ciBjb21mb3J0YWJsZSBjb25mZXJlbmNlIGFuZCBjb21mb3J0IGhvdGVsIDxicj4gYXQgdGhlIGdhdGVzIG9mIEtpZWw8L2gyPg==[\/vc_raw_html][\/vc_column_inner][vc_column_inner column_padding=&#8221;padding-1-percent&#8221; column_padding_position=&#8221;all&#8221; centered_text=&#8221;true&#8221; background_color=&#8221;#3c3c3a&#8221; background_color_opacity=&#8221;1&#8243; background_hover_color_opacity=&#8221;1&#8243; font_color=&#8221;#ffffff&#8221; column_shadow=&#8221;none&#8221; column_border_radius=&#8221;none&#8221; column_link_target=&#8221;_self&#8221; width=&#8221;1\/3&#8243; tablet_width_inherit=&#8221;default&#8221; column_border_width=&#8221;none&#8221; column_border_style=&#8221;solid&#8221; bg_image_animation=&#8221;none&#8221;][vc_column_text]\r\n<h3>Opening hours reception<\/h3>\r\n<p><strong>Monday &#8211; Thursday\u00a0<\/strong><br \/>06:30 am &#8211; 08:00 pm<br \/><strong>Freitag &#8211; Saturday<\/strong><br \/>06:30 am &#8211; 02:00 pm<br \/><strong>Sunday &amp; holiday<\/strong><br \/>07:00 am &#8211; 11:30 am<\/p>\r\n<h3>Opening hours<\/h3>\r\n<p><strong>Restaurant &amp; Sun terrace &amp; Kitchen<\/strong><\/p>\r\n<p><strong>Monday &#8211; Freitag<\/strong><br \/><strong>Restaurant<\/strong> from 5 p.m<br \/><strong>Kitchen<\/strong> from 5:30 p.m. \u2013 9:00 p.m<br \/><strong>Terrace<\/strong> from 4:00 p.m. to 9:00 p.m.\u00a0<\/p>\r\n<p><strong>Saturday<\/strong><br \/><strong>Restaurant<\/strong> from 2:00 p.m<br \/><strong>Kitchen<\/strong> from 5:30 p.m. \u2013 9:00 p.m<br \/><strong>Terrace<\/strong> from 2:00 p.m. to 9:00 p.m.\u00a0<\/p>\r\n<p>&nbsp;<\/p>\r\n[\/vc_column_text][\/vc_column_inner][\/vc_row_inner][\/vc_column][\/vc_row][vc_row type=&#8221;full_width_background&#8221; full_screen_row_position=&#8221;middle&#8221; scene_position=&#8221;center&#8221; text_color=&#8221;dark&#8221; text_align=&#8221;left&#8221; top_padding=&#8221;60&#8243; bottom_padding=&#8221;40&#8243; overlay_strength=&#8221;0.3&#8243; shape_divider_position=&#8221;bottom&#8221; bg_image_animation=&#8221;none&#8221; shape_type=&#8221;&#8221;][vc_column column_padding=&#8221;no-extra-padding&#8221; column_padding_position=&#8221;all&#8221; background_color_opacity=&#8221;1&#8243; background_hover_color_opacity=&#8221;1&#8243; column_link_target=&#8221;_self&#8221; column_shadow=&#8221;none&#8221; column_border_radius=&#8221;none&#8221; width=&#8221;1\/2&#8243; tablet_width_inherit=&#8221;default&#8221; tablet_text_alignment=&#8221;default&#8221; phone_text_alignment=&#8221;default&#8221; column_border_width=&#8221;none&#8221; column_border_style=&#8221;solid&#8221; bg_image_animation=&#8221;none&#8221;][vc_column_text]\r\n\r\n<h2 class=\"wp-block-heading\">Welcome to the Hotel Rosenheim<\/h2>\r\n\r\n<p>&nbsp;<\/p>\r\n\r\n<div>\r\n<p>Comfortably furnished rooms contribute to your relaxation. All rooms are equipped with shower and toilet, hair dryer, radio, cable TV, telephone, WLAN and 26 rooms are equipped with free high-speed DSL Internet via LAN. Our hotel is handicapped accessible.<\/p>\r\n<p>Whether seminar, conference, training or workshop, our premises offer the right setting for every occasion.<\/p>\r\n<\/div>\r\n<p>&nbsp;<\/p>\r\n\r\n<p>&nbsp;<\/p>\r\n\r\n<p>[\/vc_column_text][\/vc_column][vc_column column_padding=&#8221;padding-1-percent&#8221; column_padding_position=&#8221;all&#8221; background_color=&#8221;#a7143b&#8221; background_color_opacity=&#8221;1&#8243; background_hover_color_opacity=&#8221;1&#8243; font_color=&#8221;#ffffff&#8221; column_link_target=&#8221;_self&#8221; column_shadow=&#8221;none&#8221; column_border_radius=&#8221;none&#8221; width=&#8221;1\/2&#8243; tablet_width_inherit=&#8221;default&#8221; tablet_text_alignment=&#8221;default&#8221; phone_text_alignment=&#8221;default&#8221; column_border_width=&#8221;none&#8221; column_border_style=&#8221;solid&#8221; bg_image_animation=&#8221;none&#8221;][vc_column_text]\n<p style=\"text-align: center;\"><strong>Please note,<\/strong><\/p>\n<p style=\"text-align: center;\">Dogs are allowed but not in the renovated rooms!<\/p>\n<p style=\"text-align: center;\">Thank you for your understanding<\/p>\n[\/vc_column_text][\/vc_column][\/vc_row][vc_row type=&#8221;full_width_background&#8221; full_screen_row_position=&#8221;middle&#8221; bg_image=&#8221;177&#8243; bg_position=&#8221;left top&#8221; bg_repeat=&#8221;no-repeat&#8221; scene_position=&#8221;center&#8221; text_color=&#8221;dark&#8221; text_align=&#8221;left&#8221; top_padding=&#8221;60&#8243; bottom_padding=&#8221;60&#8243; overlay_strength=&#8221;0.3&#8243; shape_divider_position=&#8221;bottom&#8221; bg_image_animation=&#8221;none&#8221; shape_type=&#8221;&#8221;][vc_column column_padding=&#8221;no-extra-padding&#8221; column_padding_position=&#8221;all&#8221; background_color_opacity=&#8221;1&#8243; background_hover_color_opacity=&#8221;1&#8243; column_link_target=&#8221;_self&#8221; column_shadow=&#8221;none&#8221; column_border_radius=&#8221;none&#8221; width=&#8221;1\/3&#8243; tablet_width_inherit=&#8221;default&#8221; tablet_text_alignment=&#8221;default&#8221; phone_text_alignment=&#8221;default&#8221; column_border_width=&#8221;none&#8221; column_border_style=&#8221;solid&#8221; bg_image_animation=&#8221;none&#8221;][fancy_box box_style=&#8221;color_box_basic&#8221; icon_family=&#8221;iconsmind&#8221; box_color_opacity=&#8221;1&#8243; box_alignment=&#8221;center&#8221; css=&#8221;.vc_custom_1644339909119{margin-top: 25px !important;margin-right: 25px !important;margin-bottom: 25px !important;margin-left: 25px !important;padding-top: 100px !important;padding-bottom: 100px !important;}&#8221; min_height=&#8221;100&#8243; icon_iconsmind=&#8221;iconsmind-Calendar-4&#8243; link_url=&#8221;\/en\/celebrations-meetings\/&#8221;]\n<h3>MEETINGS &amp; EVENTS<\/h3>\n[\/fancy_box][\/vc_column][vc_column column_padding=&#8221;no-extra-padding&#8221; column_padding_position=&#8221;all&#8221; background_color_opacity=&#8221;1&#8243; background_hover_color_opacity=&#8221;1&#8243; column_link_target=&#8221;_self&#8221; column_shadow=&#8221;none&#8221; column_border_radius=&#8221;none&#8221; width=&#8221;1\/3&#8243; tablet_width_inherit=&#8221;default&#8221; tablet_text_alignment=&#8221;default&#8221; phone_text_alignment=&#8221;default&#8221; column_border_width=&#8221;none&#8221; column_border_style=&#8221;solid&#8221; bg_image_animation=&#8221;none&#8221;][fancy_box box_style=&#8221;color_box_basic&#8221; icon_family=&#8221;iconsmind&#8221; box_color_opacity=&#8221;1&#8243; box_alignment=&#8221;center&#8221; css=&#8221;.vc_custom_1644339890456{margin-top: 25px !important;margin-right: 25px !important;margin-bottom: 25px !important;margin-left: 25px !important;padding-top: 100px !important;padding-bottom: 100px !important;}&#8221; min_height=&#8221;100&#8243; icon_iconsmind=&#8221;iconsmind-Plates&#8221; link_url=&#8221;\/en\/restaurant\/&#8221;]\n<h3>RESTAURANT<\/h3>\n[\/fancy_box][\/vc_column][vc_column column_padding=&#8221;no-extra-padding&#8221; column_padding_position=&#8221;all&#8221; background_color_opacity=&#8221;1&#8243; background_hover_color_opacity=&#8221;1&#8243; column_link_target=&#8221;_self&#8221; column_shadow=&#8221;none&#8221; column_border_radius=&#8221;none&#8221; width=&#8221;1\/3&#8243; tablet_width_inherit=&#8221;default&#8221; tablet_text_alignment=&#8221;default&#8221; phone_text_alignment=&#8221;default&#8221; column_border_width=&#8221;none&#8221; column_border_style=&#8221;solid&#8221; bg_image_animation=&#8221;none&#8221;][fancy_box box_style=&#8221;color_box_basic&#8221; icon_family=&#8221;iconsmind&#8221; box_color_opacity=&#8221;1&#8243; box_alignment=&#8221;center&#8221; css=&#8221;.vc_custom_1644339904163{margin-top: 25px !important;margin-right: 25px !important;margin-bottom: 25px !important;margin-left: 25px !important;padding-top: 100px !important;padding-bottom: 100px !important;}&#8221; min_height=&#8221;100&#8243; icon_iconsmind=&#8221;iconsmind-Financial&#8221; link_url=&#8221;\/en\/room\/&#8221;]\n<h3>ROOMS &amp; PRICES<\/h3>\n[\/fancy_box][\/vc_column][\/vc_row][vc_row type=&#8221;full_width_background&#8221; full_screen_row_position=&#8221;middle&#8221; bg_color=&#8221;#ededed&#8221; scene_position=&#8221;center&#8221; text_color=&#8221;dark&#8221; text_align=&#8221;left&#8221; disable_element=&#8221;yes&#8221; overlay_strength=&#8221;0.3&#8243; shape_divider_position=&#8221;bottom&#8221; bg_image_animation=&#8221;none&#8221; shape_type=&#8221;&#8221;][vc_column column_padding=&#8221;no-extra-padding&#8221; column_padding_position=&#8221;all&#8221; background_color_opacity=&#8221;1&#8243; background_hover_color_opacity=&#8221;1&#8243; column_link_target=&#8221;_self&#8221; column_shadow=&#8221;none&#8221; column_border_radius=&#8221;none&#8221; width=&#8221;1\/1&#8243; tablet_width_inherit=&#8221;default&#8221; tablet_text_alignment=&#8221;default&#8221; phone_text_alignment=&#8221;default&#8221; column_border_width=&#8221;none&#8221; column_border_style=&#8221;solid&#8221; bg_image_animation=&#8221;none&#8221;]\n<div class=\"wpcf7 no-js\" id=\"wpcf7-f70-o1\" lang=\"de-DE\" dir=\"ltr\" data-wpcf7-id=\"70\">\n<div class=\"screen-reader-response\"><p role=\"status\" aria-live=\"polite\" aria-atomic=\"true\"><\/p> <ul><\/ul><\/div>\n<form action=\"\/en\/wp-json\/wp\/v2\/pages\/1166#wpcf7-f70-o1\" method=\"post\" class=\"wpcf7-form init\" aria-label=\"Kontaktformular\" novalidate=\"novalidate\" data-status=\"init\">\n<fieldset class=\"hidden-fields-container\"><input type=\"hidden\" name=\"_wpcf7\" value=\"70\" \/><input type=\"hidden\" name=\"_wpcf7_version\" value=\"6.1.4\" \/><input type=\"hidden\" name=\"_wpcf7_locale\" value=\"de_DE\" \/><input type=\"hidden\" name=\"_wpcf7_unit_tag\" value=\"wpcf7-f70-o1\" \/><input type=\"hidden\" name=\"_wpcf7_container_post\" value=\"0\" \/><input type=\"hidden\" name=\"_wpcf7_posted_data_hash\" value=\"\" \/>\n<\/fieldset>\n<div style=\"float:left;max-width:1280px;padding:20px;margin-top:40px;margin-bottom:40px;opacity: 0.8; background-color:#ddd;border-radius: 5px;\">\n\t<h2>Buchungsanfrage\n\t<\/h2>\n\t<p style='float:left; width: 50%; padding-right:10px;'>An- und Abreise<br \/>\n<span class=\"wpcf7-form-control-wrap\" data-name=\"An-Abreise\"><input size=\"40\" maxlength=\"400\" class=\"wpcf7-form-control wpcf7-text\" aria-invalid=\"false\" value=\"\" type=\"text\" name=\"An-Abreise\" \/><\/span>\n\t<\/p>\n\t<p style='float:left; width: 50%'>Uhrzeit<br \/>\n<span class=\"wpcf7-form-control-wrap\" data-name=\"Uhrzeit\"><input size=\"40\" maxlength=\"400\" class=\"wpcf7-form-control wpcf7-text\" aria-invalid=\"false\" value=\"\" type=\"text\" name=\"Uhrzeit\" \/><\/span>\n\t<\/p>\n\t<p style='float:left; width: 50%; padding-right:10px'>Name (Pflichtfeld)<br \/>\n<span class=\"wpcf7-form-control-wrap\" data-name=\"your-name\"><input size=\"40\" maxlength=\"100\" class=\"wpcf7-form-control wpcf7-text wpcf7-validates-as-required\" aria-required=\"true\" aria-invalid=\"false\" value=\"\" type=\"text\" name=\"your-name\" \/><\/span>\n\t<\/p>\n\t<p style='float:left; width: 50%;'>Vorname (Pflichtfeld)<br \/>\n<span class=\"wpcf7-form-control-wrap\" data-name=\"your-vorname\"><input size=\"40\" maxlength=\"100\" class=\"wpcf7-form-control wpcf7-text wpcf7-validates-as-required\" aria-required=\"true\" aria-invalid=\"false\" value=\"\" type=\"text\" name=\"your-vorname\" \/><\/span>\n\t<\/p>\n\t<p style='float:left; width: 50%; padding-right:10px'>E-Mail-Adresse (Pflichtfeld)<br \/>\n<span class=\"wpcf7-form-control-wrap\" data-name=\"your-email\"><input size=\"40\" maxlength=\"100\" class=\"wpcf7-form-control wpcf7-email wpcf7-validates-as-required wpcf7-text wpcf7-validates-as-email\" aria-required=\"true\" aria-invalid=\"false\" value=\"\" type=\"email\" name=\"your-email\" \/><\/span>\n\t<\/p>\n\t<p style='float:left; width: 50%;'>Telefon<br \/>\n<span class=\"wpcf7-form-control-wrap\" data-name=\"your-tel\"><input size=\"40\" maxlength=\"20\" class=\"wpcf7-form-control wpcf7-tel wpcf7-text wpcf7-validates-as-tel\" aria-invalid=\"false\" value=\"\" type=\"tel\" name=\"your-tel\" \/><\/span>\n\t<\/p>\n\t<p>Betreff<br \/>\n<span class=\"wpcf7-form-control-wrap\" data-name=\"betreff_menu\"><select class=\"wpcf7-form-control wpcf7-select\" aria-invalid=\"false\" name=\"betreff_menu\"><option value=\"-\">-<\/option><option value=\"Zimmer\">Zimmer<\/option><option value=\"Restaurant\">Restaurant<\/option><option value=\"Feiern\">Feiern<\/option><option value=\"Tagungen\/Seminar\">Tagungen\/Seminar<\/option><option value=\"Events\">Events<\/option><option value=\"Jobs\">Jobs<\/option><option value=\"Sonstiges\">Sonstiges<\/option><\/select><\/span>\n\t<\/p>\n\t<p>Ihre Nachricht<br \/>\n<span class=\"wpcf7-form-control-wrap\" data-name=\"your-message\"><textarea cols=\"40\" rows=\"4\" maxlength=\"200\" class=\"wpcf7-form-control wpcf7-textarea\" aria-invalid=\"false\" name=\"your-message\"><\/textarea><\/span>\n\t<\/p>\n\t<p style='font-size:8pt;line-height: 130%'>Ihre Daten werden nur zur Bearbeitung Ihrer Anfrage gespeichert und nicht an Dritte weitergegeben. Sollte 4 Wochen nach Ihrer Anfrage kein Auftrag erteilt werden bzw kommt keine Gesch\u00e4ftsbeziehung zustande, werden Ihre Daten komplett gel\u00f6scht. Sie haben aber vorher jederzeit das Recht, Ihre Daten l\u00f6schen zu lassen. Senden Sie uns bitte dazu eine Mail oder einen Brief an die im Impressum angegebene Adresse.\n\t<\/p>\n\t<p><input class=\"wpcf7-form-control wpcf7-submit has-spinner\" type=\"submit\" value=\"jetzt anfragen\" \/>\n\t<\/p>\n<\/div><div class=\"wpcf7-response-output\" aria-hidden=\"true\"><\/div>\n<\/form>\n<\/div>\n[\/vc_column][vc_column column_padding=&#8221;no-extra-padding&#8221; column_padding_position=&#8221;all&#8221; background_color_opacity=&#8221;1&#8243; background_hover_color_opacity=&#8221;1&#8243; column_link_target=&#8221;_self&#8221; column_shadow=&#8221;none&#8221; column_border_radius=&#8221;none&#8221; width=&#8221;1\/1&#8243; tablet_width_inherit=&#8221;default&#8221; tablet_text_alignment=&#8221;default&#8221; phone_text_alignment=&#8221;default&#8221; column_border_width=&#8221;none&#8221; column_border_style=&#8221;solid&#8221; bg_image_animation=&#8221;none&#8221;][\/vc_column][\/vc_row][vc_row type=&#8221;in_container&#8221; full_screen_row_position=&#8221;middle&#8221; scene_position=&#8221;center&#8221; text_color=&#8221;dark&#8221; text_align=&#8221;left&#8221; overlay_strength=&#8221;0.3&#8243; shape_divider_position=&#8221;bottom&#8221; bg_image_animation=&#8221;none&#8221;][vc_column column_padding=&#8221;no-extra-padding&#8221; column_padding_position=&#8221;all&#8221; background_color_opacity=&#8221;1&#8243; background_hover_color_opacity=&#8221;1&#8243; column_link_target=&#8221;_self&#8221; column_shadow=&#8221;none&#8221; column_border_radius=&#8221;none&#8221; width=&#8221;1\/1&#8243; tablet_width_inherit=&#8221;default&#8221; tablet_text_alignment=&#8221;default&#8221; phone_text_alignment=&#8221;default&#8221; column_border_width=&#8221;none&#8221; column_border_style=&#8221;solid&#8221; bg_image_animation=&#8221;none&#8221;][vc_column_text]\n[\/vc_column_text][\/vc_column][\/vc_row]","protected":false},"excerpt":{"rendered":"<p>[vc_row type=&#8221;full_width_background&#8221; full_screen_row_position=&#8221;middle&#8221; bg_image=&#8221;1081&#8243; bg_position=&#8221;center center&#8221; bg_repeat=&#8221;no-repeat&#8221; scene_position=&#8221;center&#8221; text_color=&#8221;dark&#8221; text_align=&#8221;left&#8221; zindex=&#8221;0&#8243; color_overlay=&#8221;#0a0a0a&#8221; overlay_strength=&#8221;0.3&#8243; shape_divider_position=&#8221;bottom&#8221; bg_image_animation=&#8221;none&#8221; shape_type=&#8221;&#8221;][vc_column column_padding=&#8221;no-extra-padding&#8221; column_padding_position=&#8221;all&#8221; background_color_opacity=&#8221;1&#8243; background_hover_color_opacity=&#8221;1&#8243; column_link_target=&#8221;_self&#8221; column_shadow=&#8221;none&#8221; column_border_radius=&#8221;none&#8221; width=&#8221;1\/1&#8243; tablet_width_inherit=&#8221;default&#8221; tablet_text_alignment=&#8221;default&#8221; phone_text_alignment=&#8221;default&#8221; column_border_width=&#8221;none&#8221; column_border_style=&#8221;solid&#8221; bg_image_animation=&#8221;none&#8221;][vc_row_inner&#8230;<\/p>\n","protected":false},"author":1,"featured_media":0,"parent":0,"menu_order":0,"comment_status":"closed","ping_status":"closed","template":"","meta":{"footnotes":""},"class_list":["post-1166","page","type-page","status-publish"],"_links":{"self":[{"href":"https:\/\/hotel-rosenheim.de\/en\/wp-json\/wp\/v2\/pages\/1166","targetHints":{"allow":["GET"]}}],"collection":[{"href":"https:\/\/hotel-rosenheim.de\/en\/wp-json\/wp\/v2\/pages"}],"about":[{"href":"https:\/\/hotel-rosenheim.de\/en\/wp-json\/wp\/v2\/types\/page"}],"author":[{"embeddable":true,"href":"https:\/\/hotel-rosenheim.de\/en\/wp-json\/wp\/v2\/users\/1"}],"replies":[{"embeddable":true,"href":"https:\/\/hotel-rosenheim.de\/en\/wp-json\/wp\/v2\/comments?post=1166"}],"version-history":[{"count":18,"href":"https:\/\/hotel-rosenheim.de\/en\/wp-json\/wp\/v2\/pages\/1166\/revisions"}],"predecessor-version":[{"id":1659,"href":"https:\/\/hotel-rosenheim.de\/en\/wp-json\/wp\/v2\/pages\/1166\/revisions\/1659"}],"wp:attachment":[{"href":"https:\/\/hotel-rosenheim.de\/en\/wp-json\/wp\/v2\/media?parent=1166"}],"curies":[{"name":"wp","href":"https:\/\/api.w.org\/{rel}","templated":true}]}}