{"id":1207,"date":"2019-07-12T19:13:27","date_gmt":"2019-07-12T17:13:27","guid":{"rendered":"https:\/\/hotel-rosenheim.de\/restaurant\/"},"modified":"2024-06-10T16:38:56","modified_gmt":"2024-06-10T14:38:56","slug":"restaurant","status":"publish","type":"page","link":"https:\/\/hotel-rosenheim.de\/en\/restaurant\/","title":{"rendered":"Restaurant"},"content":{"rendered":"[vc_row type=&#8221;in_container&#8221; full_screen_row_position=&#8221;middle&#8221; equal_height=&#8221;yes&#8221; scene_position=&#8221;center&#8221; text_color=&#8221;dark&#8221; text_align=&#8221;left&#8221; overlay_strength=&#8221;0.3&#8243; shape_divider_position=&#8221;bottom&#8221; bg_image_animation=&#8221;none&#8221; shape_type=&#8221;&#8221;][vc_column centered_text=&#8221;true&#8221; column_padding=&#8221;no-extra-padding&#8221; column_padding_position=&#8221;all&#8221; background_color=&#8221;#3c3c3a&#8221; background_color_opacity=&#8221;1&#8243; background_hover_color_opacity=&#8221;1&#8243; font_color=&#8221;#ffffff&#8221; column_link_target=&#8221;_self&#8221; column_shadow=&#8221;none&#8221; column_border_radius=&#8221;none&#8221; width=&#8221;2\/3&#8243; tablet_width_inherit=&#8221;default&#8221; tablet_text_alignment=&#8221;default&#8221; phone_text_alignment=&#8221;default&#8221; column_border_width=&#8221;3px&#8221; column_border_style=&#8221;solid&#8221; bg_image_animation=&#8221;none&#8221;][vc_column_text css=&#8221;.vc_custom_1685796854551{margin-top: 20px !important;margin-right: 10px !important;margin-bottom: 20px !important;margin-left: 10px !important;}&#8221;]\r\n<h3 style=\"text-align: center;\"><span style=\"color: #ffffff;\">After a long pandemic period,<\/span><br \/><span style=\"color: #ffffff;\">we look forward to welcoming you<\/span><br \/><span style=\"color: #ffffff;\">with a new gastronomic concept<\/span><\/h3>\r\n<p style=\"text-align: center;\"><strong><u><br \/>Our opening times<br \/><\/u><\/strong><u><br \/><\/u><strong>Restaurant &amp; sun terrace &amp; kitchen<\/strong><br \/>Monday &#8211; Friday<br \/>Restaurant from 5:00 p.m<br \/>Kitchen from 5:30 p.m. \u2013 9:00 p.m<br \/>Terrace from 4:00 p.m. to 9:00 p.m.\u00a0<\/p>\r\n<p style=\"text-align: center;\">Saturday<br \/>Restaurant from 2:00 p.m<br \/>Kitchen from 5:30 p.m. \u2013 9:00 p.m<br \/>Terrace from 2:00 p.m. to 9:00 p.m.<\/p>\r\n<p>&nbsp;<\/p>\r\n<p>&nbsp;<\/p>\r\n[\/vc_column_text][\/vc_column][vc_column column_padding=&#8221;no-extra-padding&#8221; column_padding_position=&#8221;all&#8221; background_color_opacity=&#8221;1&#8243; background_hover_color_opacity=&#8221;1&#8243; column_link_target=&#8221;_self&#8221; column_shadow=&#8221;none&#8221; column_border_radius=&#8221;none&#8221; width=&#8221;1\/3&#8243; tablet_width_inherit=&#8221;default&#8221; tablet_text_alignment=&#8221;default&#8221; phone_text_alignment=&#8221;default&#8221; column_border_width=&#8221;none&#8221; column_border_style=&#8221;solid&#8221; bg_image_animation=&#8221;none&#8221;][image_with_animation image_url=&#8221;550&#8243; alignment=&#8221;center&#8221; animation=&#8221;Fade In&#8221; border_radius=&#8221;none&#8221; box_shadow=&#8221;none&#8221; max_width=&#8221;100%&#8221;][\/vc_column][\/vc_row][vc_row type=&#8221;in_container&#8221; full_screen_row_position=&#8221;middle&#8221; scene_position=&#8221;center&#8221; text_color=&#8221;dark&#8221; text_align=&#8221;left&#8221; bottom_padding=&#8221;40&#8243; enable_gradient=&#8221;true&#8221; gradient_direction=&#8221;left_to_right&#8221; overlay_strength=&#8221;0.3&#8243; shape_divider_position=&#8221;bottom&#8221; bg_image_animation=&#8221;none&#8221; shape_type=&#8221;&#8221;][vc_column column_padding=&#8221;no-extra-padding&#8221; column_padding_position=&#8221;all&#8221; background_color_opacity=&#8221;1&#8243; background_hover_color_opacity=&#8221;1&#8243; column_link_target=&#8221;_self&#8221; column_shadow=&#8221;none&#8221; column_border_radius=&#8221;none&#8221; width=&#8221;2\/3&#8243; tablet_width_inherit=&#8221;default&#8221; tablet_text_alignment=&#8221;default&#8221; phone_text_alignment=&#8221;default&#8221; column_border_width=&#8221;none&#8221; column_border_style=&#8221;solid&#8221; bg_image_animation=&#8221;none&#8221;][divider line_type=&#8221;No Line&#8221; custom_height=&#8221;40&#8243;][vc_column_text]\r\n<h2 class=\"wp-block-heading\">Restaurant<\/h2>\r\n\r\n<p>&nbsp;<\/p>\r\n\r\n<div>\r\n<div class=\"fs11lh1-5 ff1\">\r\n<p>Free WiFi in the restaurant.<\/p>\r\n<\/div>\r\n<\/div>\r\n<div>\r\n<p>&nbsp;<\/p>\r\n<\/div>\r\n<p><strong>Our new small team looks forward to seeing you.<\/strong><\/p>\r\n<p><strong>Telephone reservation recommended<\/strong><\/p>\r\n<p><strong>04307 -8380<\/strong><\/p>\r\n<p><strong>For families and company celebrations,<\/strong> <strong>we are at your disposal outside of the opening hours.<\/strong><\/p>\r\n<p><strong>Feel free to contact us.<\/strong><\/p>\r\n[\/vc_column_text][divider line_type=&#8221;No Line&#8221; custom_height=&#8221;35&#8243;][\/vc_column][vc_column centered_text=&#8221;true&#8221; column_padding=&#8221;no-extra-padding&#8221; column_padding_position=&#8221;all&#8221; background_color_opacity=&#8221;1&#8243; background_hover_color_opacity=&#8221;1&#8243; column_link_target=&#8221;_self&#8221; column_shadow=&#8221;none&#8221; column_border_radius=&#8221;none&#8221; width=&#8221;1\/3&#8243; tablet_width_inherit=&#8221;default&#8221; tablet_text_alignment=&#8221;default&#8221; phone_text_alignment=&#8221;default&#8221; column_border_width=&#8221;none&#8221; column_border_style=&#8221;solid&#8221; bg_image_animation=&#8221;none&#8221;][divider line_type=&#8221;No Line&#8221; custom_height=&#8221;40&#8243;][\/vc_column][\/vc_row][vc_row type=&#8221;full_width_background&#8221; full_screen_row_position=&#8221;middle&#8221; bg_image=&#8221;177&#8243; bg_position=&#8221;left top&#8221; bg_repeat=&#8221;no-repeat&#8221; scene_position=&#8221;center&#8221; text_color=&#8221;dark&#8221; text_align=&#8221;left&#8221; disable_element=&#8221;yes&#8221; overlay_strength=&#8221;0.3&#8243; shape_divider_position=&#8221;bottom&#8221; bg_image_animation=&#8221;none&#8221; shape_type=&#8221;&#8221;][vc_column column_padding=&#8221;no-extra-padding&#8221; column_padding_position=&#8221;all&#8221; background_color_opacity=&#8221;1&#8243; background_hover_color_opacity=&#8221;1&#8243; column_link_target=&#8221;_self&#8221; column_shadow=&#8221;none&#8221; column_border_radius=&#8221;none&#8221; width=&#8221;1\/1&#8243; tablet_width_inherit=&#8221;default&#8221; tablet_text_alignment=&#8221;default&#8221; phone_text_alignment=&#8221;default&#8221; column_border_width=&#8221;none&#8221; column_border_style=&#8221;solid&#8221; bg_image_animation=&#8221;none&#8221;]\n<div class=\"wpcf7 no-js\" id=\"wpcf7-f70-o1\" lang=\"de-DE\" dir=\"ltr\" data-wpcf7-id=\"70\">\n<div class=\"screen-reader-response\"><p role=\"status\" aria-live=\"polite\" aria-atomic=\"true\"><\/p> <ul><\/ul><\/div>\n<form action=\"\/en\/wp-json\/wp\/v2\/pages\/1207#wpcf7-f70-o1\" method=\"post\" class=\"wpcf7-form init\" aria-label=\"Kontaktformular\" novalidate=\"novalidate\" data-status=\"init\">\n<fieldset class=\"hidden-fields-container\"><input type=\"hidden\" name=\"_wpcf7\" value=\"70\" \/><input type=\"hidden\" name=\"_wpcf7_version\" value=\"6.1.4\" \/><input type=\"hidden\" name=\"_wpcf7_locale\" value=\"de_DE\" \/><input type=\"hidden\" name=\"_wpcf7_unit_tag\" value=\"wpcf7-f70-o1\" \/><input type=\"hidden\" name=\"_wpcf7_container_post\" value=\"0\" \/><input type=\"hidden\" name=\"_wpcf7_posted_data_hash\" value=\"\" \/>\n<\/fieldset>\n<div style=\"float:left;max-width:1280px;padding:20px;margin-top:40px;margin-bottom:40px;opacity: 0.8; background-color:#ddd;border-radius: 5px;\">\n\t<h2>Buchungsanfrage\n\t<\/h2>\n\t<p style='float:left; width: 50%; padding-right:10px;'>An- und Abreise<br \/>\n<span class=\"wpcf7-form-control-wrap\" data-name=\"An-Abreise\"><input size=\"40\" maxlength=\"400\" class=\"wpcf7-form-control wpcf7-text\" aria-invalid=\"false\" value=\"\" type=\"text\" name=\"An-Abreise\" \/><\/span>\n\t<\/p>\n\t<p style='float:left; width: 50%'>Uhrzeit<br \/>\n<span class=\"wpcf7-form-control-wrap\" data-name=\"Uhrzeit\"><input size=\"40\" maxlength=\"400\" class=\"wpcf7-form-control wpcf7-text\" aria-invalid=\"false\" value=\"\" type=\"text\" name=\"Uhrzeit\" \/><\/span>\n\t<\/p>\n\t<p style='float:left; width: 50%; padding-right:10px'>Name (Pflichtfeld)<br \/>\n<span class=\"wpcf7-form-control-wrap\" data-name=\"your-name\"><input size=\"40\" maxlength=\"100\" class=\"wpcf7-form-control wpcf7-text wpcf7-validates-as-required\" aria-required=\"true\" aria-invalid=\"false\" value=\"\" type=\"text\" name=\"your-name\" \/><\/span>\n\t<\/p>\n\t<p style='float:left; width: 50%;'>Vorname (Pflichtfeld)<br \/>\n<span class=\"wpcf7-form-control-wrap\" data-name=\"your-vorname\"><input size=\"40\" maxlength=\"100\" class=\"wpcf7-form-control wpcf7-text wpcf7-validates-as-required\" aria-required=\"true\" aria-invalid=\"false\" value=\"\" type=\"text\" name=\"your-vorname\" \/><\/span>\n\t<\/p>\n\t<p style='float:left; width: 50%; padding-right:10px'>E-Mail-Adresse (Pflichtfeld)<br \/>\n<span class=\"wpcf7-form-control-wrap\" data-name=\"your-email\"><input size=\"40\" maxlength=\"100\" class=\"wpcf7-form-control wpcf7-email wpcf7-validates-as-required wpcf7-text wpcf7-validates-as-email\" aria-required=\"true\" aria-invalid=\"false\" value=\"\" type=\"email\" name=\"your-email\" \/><\/span>\n\t<\/p>\n\t<p style='float:left; width: 50%;'>Telefon<br \/>\n<span class=\"wpcf7-form-control-wrap\" data-name=\"your-tel\"><input size=\"40\" maxlength=\"20\" class=\"wpcf7-form-control wpcf7-tel wpcf7-text wpcf7-validates-as-tel\" aria-invalid=\"false\" value=\"\" type=\"tel\" name=\"your-tel\" \/><\/span>\n\t<\/p>\n\t<p>Betreff<br \/>\n<span class=\"wpcf7-form-control-wrap\" data-name=\"betreff_menu\"><select class=\"wpcf7-form-control wpcf7-select\" aria-invalid=\"false\" name=\"betreff_menu\"><option value=\"-\">-<\/option><option value=\"Zimmer\">Zimmer<\/option><option value=\"Restaurant\">Restaurant<\/option><option value=\"Feiern\">Feiern<\/option><option value=\"Tagungen\/Seminar\">Tagungen\/Seminar<\/option><option value=\"Events\">Events<\/option><option value=\"Jobs\">Jobs<\/option><option value=\"Sonstiges\">Sonstiges<\/option><\/select><\/span>\n\t<\/p>\n\t<p>Ihre Nachricht<br \/>\n<span class=\"wpcf7-form-control-wrap\" data-name=\"your-message\"><textarea cols=\"40\" rows=\"4\" maxlength=\"200\" class=\"wpcf7-form-control wpcf7-textarea\" aria-invalid=\"false\" name=\"your-message\"><\/textarea><\/span>\n\t<\/p>\n\t<p style='font-size:8pt;line-height: 130%'>Ihre Daten werden nur zur Bearbeitung Ihrer Anfrage gespeichert und nicht an Dritte weitergegeben. Sollte 4 Wochen nach Ihrer Anfrage kein Auftrag erteilt werden bzw kommt keine Gesch\u00e4ftsbeziehung zustande, werden Ihre Daten komplett gel\u00f6scht. Sie haben aber vorher jederzeit das Recht, Ihre Daten l\u00f6schen zu lassen. Senden Sie uns bitte dazu eine Mail oder einen Brief an die im Impressum angegebene Adresse.\n\t<\/p>\n\t<p><input class=\"wpcf7-form-control wpcf7-submit has-spinner\" type=\"submit\" value=\"jetzt anfragen\" \/>\n\t<\/p>\n<\/div><div class=\"wpcf7-response-output\" aria-hidden=\"true\"><\/div>\n<\/form>\n<\/div>\n[vc_column_text css=&#8221;.vc_custom_1639657595186{margin-top: 20px !important;margin-right: 50px !important;margin-bottom: px !important;margin-left: 50px !important;}&#8221;]\r\n<h3><span style=\"color: #ffffff;\"><strong>Liebe G\u00e4ste,<\/strong><\/span><\/h3>\r\n<p>Unfortunately we have to inform you that our planned Christmas buffet cannot take place due to the current Corona situation.<\/p>\r\n<p><strong>The restaurant will be closed from December 23rd, 2021 to January 2nd, 2022. The hotel remains open.<\/strong><\/p>\r\n<p>The <strong>3G<\/strong>+ regulation applies to <strong>business<\/strong> trips!<\/p>\r\n<p><strong>The 2G+ regulation<\/strong> applies to <strong>private trips!<\/strong><\/p>\r\n<p>Die Testpflicht f\u00fcr G\u00e4ste entf\u00e4llt, wenn eine <strong>Boosterimpfung <\/strong>vorliegt (<strong>14 Tage nach der Impfung!<\/strong>)<\/p>\r\n<p>F\u00fcr den <strong>Restaurantbesuch <\/strong>gilt die <strong>2G Regelung! <\/strong><\/p>\r\n<p>&nbsp;<\/p>\r\n<p>\r\n\r\nAn Silvester und Neujahr bleibt unser Restaurant geschlossen. Hotelreservierungen nehmen wir bis zum 23. Dezember, 18 Uhr an. \u00dcber Weihnachten, Silvester und Neujahr ist die Rezeption nicht besetzt.<\/p>\r\n<p>Wir w\u00fcnschen Ihnen eine sch\u00f6ne Vorweihnachtszeit und freuen uns, Sie in unserem Haus begr\u00fc\u00dfen zu d\u00fcrfen.<\/p>\r\n[\/vc_column_text][\/vc_column][\/vc_row]","protected":false},"excerpt":{"rendered":"<p>[vc_row type=&#8221;in_container&#8221; full_screen_row_position=&#8221;middle&#8221; equal_height=&#8221;yes&#8221; scene_position=&#8221;center&#8221; text_color=&#8221;dark&#8221; text_align=&#8221;left&#8221; overlay_strength=&#8221;0.3&#8243; shape_divider_position=&#8221;bottom&#8221; bg_image_animation=&#8221;none&#8221; shape_type=&#8221;&#8221;][vc_column centered_text=&#8221;true&#8221; column_padding=&#8221;no-extra-padding&#8221; column_padding_position=&#8221;all&#8221; background_color=&#8221;#3c3c3a&#8221; background_color_opacity=&#8221;1&#8243; background_hover_color_opacity=&#8221;1&#8243; font_color=&#8221;#ffffff&#8221; column_link_target=&#8221;_self&#8221; column_shadow=&#8221;none&#8221; column_border_radius=&#8221;none&#8221; width=&#8221;2\/3&#8243; tablet_width_inherit=&#8221;default&#8221; tablet_text_alignment=&#8221;default&#8221; phone_text_alignment=&#8221;default&#8221; column_border_width=&#8221;3px&#8221; column_border_style=&#8221;solid&#8221; bg_image_animation=&#8221;none&#8221;][vc_column_text css=&#8221;.vc_custom_1685796854551{margin-top: 20px&#8230;<\/p>\n","protected":false},"author":1,"featured_media":0,"parent":0,"menu_order":0,"comment_status":"closed","ping_status":"closed","template":"","meta":{"footnotes":""},"class_list":["post-1207","page","type-page","status-publish"],"_links":{"self":[{"href":"https:\/\/hotel-rosenheim.de\/en\/wp-json\/wp\/v2\/pages\/1207","targetHints":{"allow":["GET"]}}],"collection":[{"href":"https:\/\/hotel-rosenheim.de\/en\/wp-json\/wp\/v2\/pages"}],"about":[{"href":"https:\/\/hotel-rosenheim.de\/en\/wp-json\/wp\/v2\/types\/page"}],"author":[{"embeddable":true,"href":"https:\/\/hotel-rosenheim.de\/en\/wp-json\/wp\/v2\/users\/1"}],"replies":[{"embeddable":true,"href":"https:\/\/hotel-rosenheim.de\/en\/wp-json\/wp\/v2\/comments?post=1207"}],"version-history":[{"count":12,"href":"https:\/\/hotel-rosenheim.de\/en\/wp-json\/wp\/v2\/pages\/1207\/revisions"}],"predecessor-version":[{"id":1660,"href":"https:\/\/hotel-rosenheim.de\/en\/wp-json\/wp\/v2\/pages\/1207\/revisions\/1660"}],"wp:attachment":[{"href":"https:\/\/hotel-rosenheim.de\/en\/wp-json\/wp\/v2\/media?parent=1207"}],"curies":[{"name":"wp","href":"https:\/\/api.w.org\/{rel}","templated":true}]}}